{"id":459,"date":"2021-06-07T11:02:31","date_gmt":"2021-06-07T14:02:31","guid":{"rendered":"https:\/\/madeireiraeuroportas.com.br\/?product=woo-ninja-2"},"modified":"2022-03-17T09:48:41","modified_gmt":"2022-03-17T12:48:41","slug":"mesa-6-lugares","status":"publish","type":"product","link":"https:\/\/madeireiraeuroportas.com.br\/?product=mesa-6-lugares","title":{"rendered":"Mesa"},"content":{"rendered":"<p>Sala de Jantar com capacidade de 6\u00a0 cadeiras e centro Girat\u00f3rio no Tampo e voc\u00ea deseja uma sala de jantar moderna, esta mesa \u00e9 a escolha certa. Seu design \u00e9 moderno e casa bem com qualquer estilo de decora\u00e7\u00e3o.<\/p>\n","protected":false},"excerpt":{"rendered":"<p>Sala de Jantar com capacidade de 6\u00a0 cadeiras e centro Girat\u00f3rio no Tampo e voc\u00ea deseja uma sala de jantar moderna, esta mesa \u00e9 a escolha certa. Seu design \u00e9 moderno e casa bem com qualquer estilo de decora\u00e7\u00e3o.<\/p>\n","protected":false},"featured_media":584,"comment_status":"open","ping_status":"closed","template":"","meta":[],"product_brand":[],"product_cat":[48],"product_tag":[],"class_list":{"0":"post-459","1":"product","2":"type-product","3":"status-publish","4":"has-post-thumbnail","6":"product_cat-moveis","8":"first","9":"instock","10":"sale","11":"shipping-taxable","12":"purchasable","13":"product-type-simple"},"aioseo_notices":[],"_links":{"self":[{"href":"https:\/\/madeireiraeuroportas.com.br\/index.php?rest_route=\/wp\/v2\/product\/459","targetHints":{"allow":["GET"]}}],"collection":[{"href":"https:\/\/madeireiraeuroportas.com.br\/index.php?rest_route=\/wp\/v2\/product"}],"about":[{"href":"https:\/\/madeireiraeuroportas.com.br\/index.php?rest_route=\/wp\/v2\/types\/product"}],"replies":[{"embeddable":true,"href":"https:\/\/madeireiraeuroportas.com.br\/index.php?rest_route=%2Fwp%2Fv2%2Fcomments&post=459"}],"wp:featuredmedia":[{"embeddable":true,"href":"https:\/\/madeireiraeuroportas.com.br\/index.php?rest_route=\/wp\/v2\/media\/584"}],"wp:attachment":[{"href":"https:\/\/madeireiraeuroportas.com.br\/index.php?rest_route=%2Fwp%2Fv2%2Fmedia&parent=459"}],"wp:term":[{"taxonomy":"product_brand","embeddable":true,"href":"https:\/\/madeireiraeuroportas.com.br\/index.php?rest_route=%2Fwp%2Fv2%2Fproduct_brand&post=459"},{"taxonomy":"product_cat","embeddable":true,"href":"https:\/\/madeireiraeuroportas.com.br\/index.php?rest_route=%2Fwp%2Fv2%2Fproduct_cat&post=459"},{"taxonomy":"product_tag","embeddable":true,"href":"https:\/\/madeireiraeuroportas.com.br\/index.php?rest_route=%2Fwp%2Fv2%2Fproduct_tag&post=459"}],"curies":[{"name":"wp","href":"https:\/\/api.w.org\/{rel}","templated":true}]}}