{"id":7,"date":"2016-04-23T02:02:01","date_gmt":"2016-04-23T02:02:01","guid":{"rendered":"https:\/\/madeireiraeuroportas.com.br\/?page_id=7"},"modified":"2022-03-17T08:11:39","modified_gmt":"2022-03-17T11:11:39","slug":"contact-us","status":"publish","type":"page","link":"https:\/\/madeireiraeuroportas.com.br\/?page_id=7","title":{"rendered":"Fale Conosco"},"content":{"rendered":"<div class=\"wpb-content-wrapper\"><p>[vc_row newlayout=&#8221;Fixed&#8221;][vc_column]<div class=\"blank-spacer clearfix  \"  style=\"margin-bottom:80px !important; clear:both;\"><\/div><div class=\"section_header tblock-box text-left  \"><h2 class=\"tblock \" >entrar em contato<\/h2><p >Se voc\u00ea estiver interessado em saber mais sobre como podemos ajudar em seus projetos, preencha o formul\u00e1rio abaixo. Voc\u00ea pode nos ligar a qualquer momento entre as 8 da manh\u00e3. \u00e0s 17h <\/p><\/div><div class=\"blank-spacer clearfix  \"  style=\"margin-bottom:80px !important; clear:both;\"><\/div>[\/vc_column][\/vc_row][vc_row newlayout=&#8221;Fixed&#8221; el_class=&#8221;touch&#8221;][vc_column width=&#8221;1\/3&#8243;]<ul class=\"contact-shortcode contact-ver2  \"><li class=\"item\">\r\n\t\t\t\t\t\t\t<div class=\"media\">\r\n\t\t\t\t\t\t\t\t<div class=\"media-left\">\r\n\t\t\t\t\t\t\t\t\t<a href=\"#\"><i class=\"fa fa-map-marker\"><\/i><\/a>\r\n\t\t\t\t\t\t\t\t<\/div>\r\n\t\t\t\t\t\t\t\t<div class=\"media-body\">R. Gaspar Dutra, 3230 - Planalto Ayrton Senna; Fortaleza - CE<\/div>\r\n\t\t\t\t\t\t\t<\/div>\r\n\t\t\t\t\t\t<\/li><li class=\"item\">\r\n\t\t\t\t\t\t\t\t<div class=\"media\">\r\n\t\t\t\t\t\t\t\t\t<div class=\"media-left\">\r\n\t\t\t\t\t\t\t\t\t\t<a href=\"#\"><i class=\"fa fa-phone\"><\/i><\/a>\r\n\t\t\t\t\t\t\t\t\t<\/div>\r\n\t\t\t\t\t\t\t\t\t<div class=\"media-body\"><a href=\"tel:WhatsApp (85) 981188673\">WhatsApp (85) 981188673<\/a><\/div>\r\n\t\t\t\t\t\t\t\t<\/div>\r\n\t\t\t\t\t\t\t<\/li><li class=\"item\">\r\n\t\t\t\t\t\t\t\t<div class=\"media\">\r\n\t\t\t\t\t\t\t\t\t<div class=\"media-left\">\r\n\t\t\t\t\t\t\t\t\t\t<a href=\"#\"><i class=\"fa fa-envelope-o\"><\/i><\/a>\r\n\t\t\t\t\t\t\t\t\t<\/div>\r\n\t\t\t\t\t\t\t\t\t<div class=\"media-body\"><a href=\"mailto:contato@madeireiraeuroportas.com.br\">contato@madeireiraeuroportas.com.br<\/a><\/div>\r\n\t\t\t\t\t\t\t\t<\/div>\r\n\t\t\t\t\t\t\t<\/li><\/ul>[\/vc_column][vc_column width=&#8221;2\/3&#8243; el_class=&#8221;touch_bg&#8221;]<div class=\"blank-spacer clearfix  \"  style=\"margin-bottom:-80px !important; clear:both;\"><\/div>[vc_column_text el_class=&#8221;touch_middle&#8221;]<\/p>\n<div class=\"input_form\">\n<div class=\"wpcf7 no-js\" id=\"wpcf7-f8-o1\" lang=\"en-US\" dir=\"ltr\" data-wpcf7-id=\"8\">\n<div class=\"screen-reader-response\"><p role=\"status\" aria-live=\"polite\" aria-atomic=\"true\"><\/p> <ul><\/ul><\/div>\n<form action=\"\/index.php?rest_route=%2Fwp%2Fv2%2Fpages%2F7#wpcf7-f8-o1\" method=\"post\" class=\"wpcf7-form init\" aria-label=\"Contact form\" novalidate=\"novalidate\" data-status=\"init\">\n<fieldset class=\"hidden-fields-container\"><input type=\"hidden\" name=\"_wpcf7\" value=\"8\" \/><input type=\"hidden\" name=\"_wpcf7_version\" value=\"6.1.5\" \/><input type=\"hidden\" name=\"_wpcf7_locale\" value=\"en_US\" \/><input type=\"hidden\" name=\"_wpcf7_unit_tag\" value=\"wpcf7-f8-o1\" \/><input type=\"hidden\" name=\"_wpcf7_container_post\" value=\"0\" \/><input type=\"hidden\" name=\"_wpcf7_posted_data_hash\" value=\"\" \/>\n<\/fieldset>\n<p><span class=\"wpcf7-form-control-wrap\" data-name=\"text-539\"><input size=\"40\" maxlength=\"400\" class=\"wpcf7-form-control wpcf7-text wpcf7-validates-as-required form-control\" aria-required=\"true\" aria-invalid=\"false\" placeholder=\"Nome\" value=\"\" type=\"text\" name=\"text-539\" \/><\/span><br \/>\n<span class=\"wpcf7-form-control-wrap\" data-name=\"email-642\"><input size=\"40\" maxlength=\"400\" class=\"wpcf7-form-control wpcf7-email wpcf7-validates-as-required wpcf7-text wpcf7-validates-as-email form-control\" aria-required=\"true\" aria-invalid=\"false\" placeholder=\"Email\" value=\"\" type=\"email\" name=\"email-642\" \/><\/span><br \/>\n<span class=\"wpcf7-form-control-wrap\" data-name=\"text-540\"><input size=\"40\" maxlength=\"400\" class=\"wpcf7-form-control wpcf7-text form-control\" aria-invalid=\"false\" placeholder=\"Assunto\" value=\"\" type=\"text\" name=\"text-540\" \/><\/span><br \/>\n<span class=\"wpcf7-form-control-wrap\" data-name=\"textarea-220\"><textarea cols=\"40\" rows=\"6\" maxlength=\"2000\" class=\"wpcf7-form-control wpcf7-textarea wpcf7-validates-as-required form-control\" aria-required=\"true\" aria-invalid=\"false\" placeholder=\"Mensagem\" name=\"textarea-220\"><\/textarea><\/span>\n<\/p>\n<div class=\"row m0\">\n\t<p><input class=\"wpcf7-form-control wpcf7-submit has-spinner btn btn-default submit\" type=\"submit\" value=\"Enviar agora\" \/>\n\t<\/p>\n<\/div><p style=\"display: none !important;\" class=\"akismet-fields-container\" data-prefix=\"_wpcf7_ak_\"><label>&#916;<textarea name=\"_wpcf7_ak_hp_textarea\" cols=\"45\" rows=\"8\" maxlength=\"100\"><\/textarea><\/label><input type=\"hidden\" id=\"ak_js_1\" name=\"_wpcf7_ak_js\" value=\"24\"\/><script type=\"text\/javascript\">\n\/* <![CDATA[ *\/\ndocument.getElementById( \"ak_js_1\" ).setAttribute( \"value\", ( new Date() ).getTime() );\n\/* ]]> *\/\n<\/script>\n<\/p><div class=\"wpcf7-response-output\" aria-hidden=\"true\"><\/div>\n<\/form>\n<\/div>\n<\/div>\n<p>[\/vc_column_text][\/vc_column][\/vc_row][vc_row][vc_column]<div class=\"blank-spacer clearfix  \"  style=\"margin-bottom:80px !important; clear:both;\"><\/div>Please set your Google Map key via Appearance =&gt; Carpenter =&gt; General Settings section in your admin panel[\/vc_column][\/vc_row]<\/p>\n<\/div>","protected":false},"excerpt":{"rendered":"<p>[vc_row newlayout=&#8221;Fixed&#8221;][vc_column][\/vc_column][\/vc_row][vc_row newlayout=&#8221;Fixed&#8221; el_class=&#8221;touch&#8221;][vc_column width=&#8221;1\/3&#8243;][\/vc_column][vc_column width=&#8221;2\/3&#8243; el_class=&#8221;touch_bg&#8221;][vc_column_text el_class=&#8221;touch_middle&#8221;] [\/vc_column_text][\/vc_column][\/vc_row][vc_row][vc_column][\/vc_column][\/vc_row]<\/p>\n","protected":false},"author":1,"featured_media":0,"parent":0,"menu_order":0,"comment_status":"closed","ping_status":"closed","template":"page-fluid.php","meta":{"footnotes":""},"class_list":["post-7","page","type-page","status-publish","hentry"],"aioseo_notices":[],"_links":{"self":[{"href":"https:\/\/madeireiraeuroportas.com.br\/index.php?rest_route=\/wp\/v2\/pages\/7","targetHints":{"allow":["GET"]}}],"collection":[{"href":"https:\/\/madeireiraeuroportas.com.br\/index.php?rest_route=\/wp\/v2\/pages"}],"about":[{"href":"https:\/\/madeireiraeuroportas.com.br\/index.php?rest_route=\/wp\/v2\/types\/page"}],"author":[{"embeddable":true,"href":"https:\/\/madeireiraeuroportas.com.br\/index.php?rest_route=\/wp\/v2\/users\/1"}],"replies":[{"embeddable":true,"href":"https:\/\/madeireiraeuroportas.com.br\/index.php?rest_route=%2Fwp%2Fv2%2Fcomments&post=7"}],"version-history":[{"count":2,"href":"https:\/\/madeireiraeuroportas.com.br\/index.php?rest_route=\/wp\/v2\/pages\/7\/revisions"}],"predecessor-version":[{"id":658,"href":"https:\/\/madeireiraeuroportas.com.br\/index.php?rest_route=\/wp\/v2\/pages\/7\/revisions\/658"}],"wp:attachment":[{"href":"https:\/\/madeireiraeuroportas.com.br\/index.php?rest_route=%2Fwp%2Fv2%2Fmedia&parent=7"}],"curies":[{"name":"wp","href":"https:\/\/api.w.org\/{rel}","templated":true}]}}