{"id":47,"date":"2016-04-23T02:55:48","date_gmt":"2016-04-23T02:55:48","guid":{"rendered":"https:\/\/madeireiraeuroportas.com.br\/?page_id=47"},"modified":"2022-03-17T08:11:39","modified_gmt":"2022-03-17T11:11:39","slug":"services-2","status":"publish","type":"page","link":"https:\/\/madeireiraeuroportas.com.br\/?page_id=47","title":{"rendered":"Nossos Servi\u00e7os"},"content":{"rendered":"<div class=\"wpb-content-wrapper\"><p>[vc_row newlayout=&#8221;Fixed&#8221;][vc_column]<div class=\"blank-spacer clearfix  \"  style=\"margin-bottom:80px !important; clear:both;\"><\/div><div class=\"row sblock1 color-default  \">\r\n\t\t\t\t\t<div class=\"col-sm-4 service-image\">\r\n\t\t\t\t\t\t<img decoding=\"async\"  src=\"https:\/\/madeireiraeuroportas.com.br\/wp-content\/uploads\/2022\/03\/WhatsApp-Image-2022-01-31-at-16.25.14-7.jpeg\" alt=\"img\">\r\n\t\t\t\t\t<\/div>\r\n\t\t\t\t\t<div class=\" row col-sm-8 service-content\">\r\n\t\t\t\t\t\t<a href=\"#\"><h2>SOMOS ESPECIALISTAS DESDE 2014<\/h2><\/a>\r\n\t\t\t\t\t\t<\/p>\n<p class=\"sblocktext\">J\u00e1 consolidada no mercado regional a Europortas conta com uma gama de servi\u00e7os<\/p>\n<h4>Fale conosco e diga como podemos ajudar<\/h4>\n<p>\r\n\t\t\t\t\t<\/div>\r\n\t\t\t\t<\/div><div class=\"blank-spacer clearfix  \"  style=\"margin-bottom:80px !important; clear:both;\"><\/div>[\/vc_column][\/vc_row][vc_row css=&#8221;.vc_custom_1461408755220{padding-top: 80px !important;padding-bottom: 80px !important;background-color: #f6f6f6 !important;}&#8221;][vc_column][vc_row_inner el_class=&#8221;container&#8221;][vc_column_inner]<div class=\"section_header tblock-box text-left  \"><h2 class=\"tblock \" >Nossos servi\u00e7os<\/h2><p >Seguindo o nosso princ\u00edpio, que \u00e9 oferecer comodidade, praticidade e facilidade aos clientes em suas compras, a Madeireira EuroPortas disp\u00f5e de um moderno Centro de Servi\u00e7os com rapidez e efici\u00eancia. Todos esses servi\u00e7os s\u00e3o executados em alto padr\u00e3o de qualidade, valorizando os produtos adquiridos.<\/p><\/div>[\/vc_column_inner][\/vc_row_inner][vc_row_inner el_class=&#8221;container&#8221;][vc_column_inner width=&#8221;1\/3&#8243;]<div class=\"fblock2   \">\r\n\t\t\t\t\t<div class=\"service-icon\">\r\n\t\t\t\t\t\t<i class=\"icon icon-Tools\"><\/i>\r\n\t\t\t\t\t<\/div>\r\n\t\t\t\t\t<div class=\"service-description\">\r\n\t\t\t\t\t\t<a href=\"#\"><h4>Fabricamos M\u00f3veis<\/h4><\/a>\r\n\t\t\t\t\t\t<p>Moveis de qualidade e para a vida toda.<\/p>\n<p>Conhe\u00e7a nosso instagram e veja mais produtos<\/p>\r\n\t\t\t\t\t<\/div>\r\n\t\t\t\t<\/div>[\/vc_column_inner][vc_column_inner width=&#8221;1\/3&#8243;]<div class=\"fblock2   \">\r\n\t\t\t\t\t<div class=\"service-icon\">\r\n\t\t\t\t\t\t<i class=\"icon icon-Tools\"><\/i>\r\n\t\t\t\t\t<\/div>\r\n\t\t\t\t\t<div class=\"service-description\">\r\n\t\t\t\t\t\t<a href=\"#\"><h4>Pisos e assoalhos<\/h4><\/a>\r\n\t\t\t\t\t\t<p>Os assoalhos de madeira s\u00e3o compostos por t\u00e1buas de madeira corridas com encaixe macho\/f\u00eamea para a instala\u00e7\u00e3o.<\/p>\r\n\t\t\t\t\t<\/div>\r\n\t\t\t\t<\/div>[\/vc_column_inner][vc_column_inner width=&#8221;1\/3&#8243;]<div class=\"fblock2   \">\r\n\t\t\t\t\t<div class=\"service-icon\">\r\n\t\t\t\t\t\t<i class=\"icon icon-Tools\"><\/i>\r\n\t\t\t\t\t<\/div>\r\n\t\t\t\t\t<div class=\"service-description\">\r\n\t\t\t\t\t\t<a href=\"#\"><h4>Portas e Janelas<\/h4><\/a>\r\n\t\t\t\t\t\t<p>Elas custam menos e, instaladas, causam a sensa\u00e7\u00e3o de aconchego. Sempre necessitando de aten\u00e7\u00e3o para maior durabilidade<\/p>\r\n\t\t\t\t\t<\/div>\r\n\t\t\t\t<\/div>[\/vc_column_inner][\/vc_row_inner][\/vc_column][\/vc_row][vc_row css=&#8221;.vc_custom_1461979767698{padding-top: 80px !important;padding-bottom: 70px !important;background: rgba(63,48,36,0.85) url(https:\/\/madeireiraeuroportas.com.br\/wp-content\/uploads\/2016\/04\/featured-bg.jpg?id=54) !important;*background-color: rgb(63,48,36) !important;}&#8221;][vc_column][vc_row_inner el_class=&#8221;container&#8221;][vc_column_inner]<div class=\"section_header tblock-box text-left  \"><h2 class=\"tblock \" style=\"color:#ffffff !important;\">NOSSOS SERVI\u00c7OS EM DESTAQUE<\/h2><\/div><div class=\"blank-spacer clearfix  \"  style=\"margin-bottom:50px !important; clear:both;\"><\/div>[\/vc_column_inner][\/vc_row_inner][vc_row_inner el_class=&#8221;container&#8221;][vc_column_inner width=&#8221;1\/4&#8243;]<div class=\"featured-service sblock2 color-white  \">\r\n\t\t\t\t\t<a href=\"#\"><img decoding=\"async\"  src=\"https:\/\/madeireiraeuroportas.com.br\/wp-content\/uploads\/2022\/03\/cadeira.png\" alt=\"img\"><\/a>\r\n\t\t\t\t\t<a href=\"#\"><h4>Cadeiras<\/h4><\/a>\r\n                <\/div>[\/vc_column_inner][vc_column_inner width=&#8221;1\/4&#8243;]<div class=\"featured-service sblock2 color-white  \">\r\n\t\t\t\t\t<a href=\"#\"><img decoding=\"async\"  src=\"https:\/\/madeireiraeuroportas.com.br\/wp-content\/uploads\/2022\/03\/mesa.png\" alt=\"img\"><\/a>\r\n\t\t\t\t\t<a href=\"#\"><h4>Mesas<\/h4><\/a>\r\n                <\/div>[\/vc_column_inner][vc_column_inner width=&#8221;1\/4&#8243;]<div class=\"featured-service sblock2 color-white  \">\r\n\t\t\t\t\t<a href=\"#\"><img decoding=\"async\"  src=\"https:\/\/madeireiraeuroportas.com.br\/wp-content\/uploads\/2022\/03\/bangaloo.png\" alt=\"img\"><\/a>\r\n\t\t\t\t\t<a href=\"#\"><h4>Bangal\u00f4s<\/h4><\/a>\r\n                <\/div>[\/vc_column_inner][vc_column_inner width=&#8221;1\/4&#8243;]<div class=\"featured-service sblock2 color-white  \">\r\n\t\t\t\t\t<a href=\"#\"><img decoding=\"async\"  src=\"https:\/\/madeireiraeuroportas.com.br\/wp-content\/uploads\/2022\/03\/sofaexten.png\" alt=\"img\"><\/a>\r\n\t\t\t\t\t<a href=\"#\"><h4>Sof\u00e1 rustico<\/h4><\/a>\r\n                <\/div>[\/vc_column_inner][\/vc_row_inner][\/vc_column][\/vc_row][vc_row newlayout=&#8221;Fixed&#8221;][vc_column]<div class=\"blank-spacer clearfix  \"  style=\"margin-bottom:75px !important; clear:both;\"><\/div><div class=\"blank-spacer clearfix  \"  style=\"margin-bottom:50px !important; clear:both;\"><\/div><div class=\"blank-spacer clearfix  \"  style=\"margin-bottom:65px !important; clear:both;\"><\/div>[\/vc_column][\/vc_row]<\/p>\n<\/div>","protected":false},"excerpt":{"rendered":"<p>[vc_row newlayout=&#8221;Fixed&#8221;][vc_column][\/vc_column][\/vc_row][vc_row css=&#8221;.vc_custom_1461408755220{padding-top: 80px !important;padding-bottom: 80px !important;background-color: #f6f6f6 !important;}&#8221;][vc_column][vc_row_inner el_class=&#8221;container&#8221;][vc_column_inner][\/vc_column_inner][\/vc_row_inner][vc_row_inner el_class=&#8221;container&#8221;][vc_column_inner width=&#8221;1\/3&#8243;][\/vc_column_inner][vc_column_inner width=&#8221;1\/3&#8243;][\/vc_column_inner][vc_column_inner width=&#8221;1\/3&#8243;][\/vc_column_inner][\/vc_row_inner][\/vc_column][\/vc_row][vc_row css=&#8221;.vc_custom_1461979767698{padding-top: 80px !important;padding-bottom: 70px !important;background: rgba(63,48,36,0.85) url(https:\/\/madeireiraeuroportas.com.br\/wp-content\/uploads\/2016\/04\/featured-bg.jpg?id=54) !important;*background-color: rgb(63,48,36) !important;}&#8221;][vc_column][vc_row_inner el_class=&#8221;container&#8221;][vc_column_inner][\/vc_column_inner][\/vc_row_inner][vc_row_inner el_class=&#8221;container&#8221;][vc_column_inner width=&#8221;1\/4&#8243;][\/vc_column_inner][vc_column_inner width=&#8221;1\/4&#8243;][\/vc_column_inner][vc_column_inner width=&#8221;1\/4&#8243;][\/vc_column_inner][vc_column_inner width=&#8221;1\/4&#8243;][\/vc_column_inner][\/vc_row_inner][\/vc_column][\/vc_row][vc_row newlayout=&#8221;Fixed&#8221;][vc_column][\/vc_column][\/vc_row]<\/p>\n","protected":false},"author":1,"featured_media":0,"parent":0,"menu_order":0,"comment_status":"closed","ping_status":"closed","template":"page-fluid.php","meta":{"footnotes":""},"class_list":["post-47","page","type-page","status-publish","hentry"],"aioseo_notices":[],"_links":{"self":[{"href":"https:\/\/madeireiraeuroportas.com.br\/index.php?rest_route=\/wp\/v2\/pages\/47","targetHints":{"allow":["GET"]}}],"collection":[{"href":"https:\/\/madeireiraeuroportas.com.br\/index.php?rest_route=\/wp\/v2\/pages"}],"about":[{"href":"https:\/\/madeireiraeuroportas.com.br\/index.php?rest_route=\/wp\/v2\/types\/page"}],"author":[{"embeddable":true,"href":"https:\/\/madeireiraeuroportas.com.br\/index.php?rest_route=\/wp\/v2\/users\/1"}],"replies":[{"embeddable":true,"href":"https:\/\/madeireiraeuroportas.com.br\/index.php?rest_route=%2Fwp%2Fv2%2Fcomments&post=47"}],"version-history":[{"count":5,"href":"https:\/\/madeireiraeuroportas.com.br\/index.php?rest_route=\/wp\/v2\/pages\/47\/revisions"}],"predecessor-version":[{"id":652,"href":"https:\/\/madeireiraeuroportas.com.br\/index.php?rest_route=\/wp\/v2\/pages\/47\/revisions\/652"}],"wp:attachment":[{"href":"https:\/\/madeireiraeuroportas.com.br\/index.php?rest_route=%2Fwp%2Fv2%2Fmedia&parent=47"}],"curies":[{"name":"wp","href":"https:\/\/api.w.org\/{rel}","templated":true}]}}